{"id":1916,"date":"2019-04-18T07:12:05","date_gmt":"2019-04-18T07:12:05","guid":{"rendered":"http:\/\/wpdemo.archiwp.com\/consultax\/?page_id=1916"},"modified":"2023-03-21T18:24:13","modified_gmt":"2023-03-21T18:24:13","slug":"home-3","status":"publish","type":"page","link":"https:\/\/jmverav.com\/","title":{"rendered":"INICIO"},"content":{"rendered":"<section class=\"wpb-content-wrapper\"><p>[vc_row][vc_column][rev_slider_vc alias=\u00bbslider-1&#8243;][\/vc_column][\/vc_row][vc_row el_class=\u00bbbg-second\u00bb css=\u00bb.vc_custom_1555470524461{padding-top: 28px !important;padding-bottom: 28px !important;}\u00bb][vc_column offset=\u00bbvc_col-md-9&#8243;][vc_column_text el_class=\u00bbtext-light\u00bb css=\u00bb.vc_custom_1679422851329{margin-bottom: 0px !important;padding-top: 5px !important;}\u00bb]<\/p>\n<h3>\u00bfQuieres cumplir tus planes empresariales?<\/h3>\n<p>[\/vc_column_text][vc_column_text el_class=\u00bbtext-light\u00bb css=\u00bb.vc_custom_1679422862656{margin-bottom: 0px !important;padding-top: 5px !important;}\u00bb]<\/p>\n<h4>Ac\u00e9rcate y comencemos<\/h4>\n<p>[\/vc_column_text][\/vc_column][vc_column offset=\u00bbvc_col-md-3&#8243;]\n    <div class=\"text-right mobile-left\">\n        <a  class=\"btn   \" href=\"#\" style=\"\">Cont\u00e1ctame<\/a>\n    <\/div>\n\n    [\/vc_column][\/vc_row][vc_row el_class=\u00bbsection-padd\u00bb css=\u00bb.vc_custom_1555472376004{background-color: #ffffff !important;}\u00bb][vc_column]\n    <div class=\"section-head \">\n                <h2 class=\"section-title\">\u00bfPorqu\u00e9 JM Vera?<\/h2>\n            <\/div>\n\n[vc_empty_space height=\u00bb30px\u00bb][\/vc_column][vc_column width=\u00bb1\/2&#8243; offset=\u00bbvc_col-md-4&#8243;]\n        <div class=\"service-box icon-box bg-alt box-shadow-hover image \">\n                        <img loading=\"lazy\" decoding=\"async\" width=\"834\" height=\"834\" src=\"https:\/\/jmverav.com\/wp-content\/uploads\/2023\/03\/ICONOSS-21.png\" class=\"attachment-full size-full\" alt=\"\" srcset=\"https:\/\/jmverav.com\/wp-content\/uploads\/2023\/03\/ICONOSS-21.png 834w, https:\/\/jmverav.com\/wp-content\/uploads\/2023\/03\/ICONOSS-21-300x300.png 300w, https:\/\/jmverav.com\/wp-content\/uploads\/2023\/03\/ICONOSS-21-150x150.png 150w, https:\/\/jmverav.com\/wp-content\/uploads\/2023\/03\/ICONOSS-21-768x768.png 768w, https:\/\/jmverav.com\/wp-content\/uploads\/2023\/03\/ICONOSS-21-600x600.png 600w, https:\/\/jmverav.com\/wp-content\/uploads\/2023\/03\/ICONOSS-21-100x100.png 100w\" sizes=\"auto, (max-width: 834px) 100vw, 834px\" \/>        <div class=\"content-box\">\n            <h4>EXPERTISE<\/h4>\n            <p>29 a\u00f1os de experiencia en una empresa financiera multinacional en las \u00e1reas de gesti\u00f3n comercial, gesti\u00f3n de clientes gubernamentales e institucionales<\/p>\n                    <\/div>\n    <\/div>\n    \n    [vc_empty_space height=\u00bb20px\u00bb el_class=\u00bblg-hidden\u00bb][\/vc_column][vc_column width=\u00bb1\/2&#8243; offset=\u00bbvc_col-md-4&#8243;]\n        <div class=\"service-box icon-box bg-alt box-shadow-hover image \">\n                        <img loading=\"lazy\" decoding=\"async\" width=\"834\" height=\"834\" src=\"https:\/\/jmverav.com\/wp-content\/uploads\/2023\/03\/ICONOSS-19.png\" class=\"attachment-full size-full\" alt=\"\" srcset=\"https:\/\/jmverav.com\/wp-content\/uploads\/2023\/03\/ICONOSS-19.png 834w, https:\/\/jmverav.com\/wp-content\/uploads\/2023\/03\/ICONOSS-19-300x300.png 300w, https:\/\/jmverav.com\/wp-content\/uploads\/2023\/03\/ICONOSS-19-150x150.png 150w, https:\/\/jmverav.com\/wp-content\/uploads\/2023\/03\/ICONOSS-19-768x768.png 768w, https:\/\/jmverav.com\/wp-content\/uploads\/2023\/03\/ICONOSS-19-600x600.png 600w, https:\/\/jmverav.com\/wp-content\/uploads\/2023\/03\/ICONOSS-19-100x100.png 100w\" sizes=\"auto, (max-width: 834px) 100vw, 834px\" \/>        <div class=\"content-box\">\n            <h4>ESPECIALIDAD<\/h4>\n            <p>Especialista en temas de estrategias empresariales y liderazgo, estrategia y gesti\u00f3n comercial, propuestas de valor y experiencia del cliente.<\/p>\n                    <\/div>\n    <\/div>\n    \n    [vc_empty_space height=\u00bb20px\u00bb el_class=\u00bblg-hidden\u00bb][\/vc_column][vc_column offset=\u00bbvc_col-md-4&#8243;]\n        <div class=\"service-box icon-box bg-alt box-shadow-hover image \">\n                        <img loading=\"lazy\" decoding=\"async\" width=\"834\" height=\"834\" src=\"https:\/\/jmverav.com\/wp-content\/uploads\/2023\/03\/ICONOSS-02.png\" class=\"attachment-full size-full\" alt=\"\" srcset=\"https:\/\/jmverav.com\/wp-content\/uploads\/2023\/03\/ICONOSS-02.png 834w, https:\/\/jmverav.com\/wp-content\/uploads\/2023\/03\/ICONOSS-02-300x300.png 300w, https:\/\/jmverav.com\/wp-content\/uploads\/2023\/03\/ICONOSS-02-150x150.png 150w, https:\/\/jmverav.com\/wp-content\/uploads\/2023\/03\/ICONOSS-02-768x768.png 768w, https:\/\/jmverav.com\/wp-content\/uploads\/2023\/03\/ICONOSS-02-600x600.png 600w, https:\/\/jmverav.com\/wp-content\/uploads\/2023\/03\/ICONOSS-02-100x100.png 100w\" sizes=\"auto, (max-width: 834px) 100vw, 834px\" \/>        <div class=\"content-box\">\n            <h4>ALCANCES<\/h4>\n            <p>Desarrollo en el sector financiero, dirigiendo grupos regionales y nacionales y he implementado proyectos de alcance nacional e internacional<\/p>\n                    <\/div>\n    <\/div>\n    \n    [\/vc_column][\/vc_row][vc_row equal_height=\u00bbyes\u00bb content_placement=\u00bbmiddle\u00bb el_class=\u00bbsection-padd-bot\u00bb css=\u00bb.vc_custom_1555473632131{background-color: #ffffff !important;}\u00bb][vc_column width=\u00bb1\/2&#8243; offset=\u00bbvc_col-lg-5 vc_col-md-6&#8243;]\n    <div class=\"section-head \">\n                <h2 class=\"section-title\">Mi Objetivo:<\/h2>\n            <\/div>\n\n[vc_column_text css=\u00bb.vc_custom_1679077768129{padding-bottom: 85px !important;}\u00bb]\u201cAyudar a Empresarios, Directivos y Emprendedores a definir y ejecutar sus proyectos personales y empresariales de forma que\u00a0transformen sus vidas y crezcan en prosperidad, felicidad y tiempo para disfrutar la vida con quienes aman\u201d.[\/vc_column_text][\/vc_column][vc_column width=\u00bb1\/2&#8243; offset=\u00bbvc_col-lg-offset-1 vc_col-lg-6 vc_col-md-offset-0 vc_col-md-6 vc_col-sm-offset-0&#8243;][vc_empty_space height=\u00bb40px\u00bb el_class=\u00bblg-hidden\u00bb][vc_single_image image=\u00bb2157&#8243; img_size=\u00bbfull\u00bb alignment=\u00bbcenter\u00bb css=\u00bb.vc_custom_1679418615613{margin-bottom: 0px !important;}\u00bb el_class=\u00bbradius\u00bb][\/vc_column][\/vc_row][vc_row el_class=\u00bbsection-padd\u00bb css=\u00bb.vc_custom_1555571851249{background-image: url(https:\/\/jmverav.com\/wp-content\/uploads\/2019\/04\/bg-home3.jpg?id=1922) !important;background-position: center !important;background-repeat: no-repeat !important;background-size: cover !important;}\u00bb][vc_column offset=\u00bbvc_col-md-9&#8243;]\n    <div class=\"section-head  text-light\">\n                    <h6><span>Es de tu inter\u00e9s...<\/span><\/h6>\n                <h2 class=\"section-title\">CURSOS - TALLERES<\/h2>\n            <\/div>\n\n[\/vc_column][vc_column offset=\u00bbvc_col-md-3&#8243;][vc_empty_space height=\u00bb25px\u00bb el_class=\u00bbmd-hidden sm-hidden\u00bb][\/vc_column][vc_column][vc_empty_space height=\u00bb30px\u00bb][vc_row_inner][vc_column_inner width=\u00bb1\/4&#8243;]\n        <div class=\"service-box icon-box  image transparent hover-box\">\n                        <img loading=\"lazy\" decoding=\"async\" width=\"50\" height=\"51\" src=\"https:\/\/jmverav.com\/wp-content\/uploads\/2019\/04\/icon-data.png\" class=\"attachment-full size-full\" alt=\"\" \/>        <div class=\"content-box\">\n            <h4>CURSO 1<\/h4>\n            <p><\/p>\n<h4 class=\"vc_custom_heading\" style=\"text-align: left;\">Encuentra tu porqu\u00e9. El inicio de tu camino al \u00e9xito.<\/h4>\n<p><\/p>\n            <a class=\"link-box pagelink\" href=\"https:\/\/jmverav.com\/index.php\/curso-1\/\" target=\"_self\">Saber m\u00e1s<\/a>        <\/div>\n    <\/div>\n    \n    [vc_empty_space height=\u00bb1px\u00bb][\/vc_column_inner][vc_column_inner width=\u00bb1\/4&#8243;]\n        <div class=\"service-box icon-box  image transparent hover-box\">\n                        <img loading=\"lazy\" decoding=\"async\" width=\"37\" height=\"51\" src=\"https:\/\/jmverav.com\/wp-content\/uploads\/2019\/04\/icon-stock.png\" class=\"attachment-full size-full\" alt=\"\" \/>        <div class=\"content-box\">\n            <h4>CURSO 2<\/h4>\n            <p><\/p>\n<h4 class=\"vc_custom_heading\" style=\"text-align: left;\">Define a tu Cliente y entiende c\u00f3mo servirlo con \u00e9xito y rentabilidad.<\/h4>\n<p><\/p>\n            <a class=\"link-box pagelink\" href=\"https:\/\/jmverav.com\/index.php\/curso-2\/\" target=\"_self\">Saber m\u00e1s<\/a>        <\/div>\n    <\/div>\n    \n    [vc_empty_space height=\u00bb1px\u00bb][\/vc_column_inner][vc_column_inner width=\u00bb1\/4&#8243;]\n        <div class=\"service-box icon-box  image transparent hover-box\">\n                        <img loading=\"lazy\" decoding=\"async\" width=\"52\" height=\"51\" src=\"https:\/\/jmverav.com\/wp-content\/uploads\/2019\/04\/icon-taxes.png\" class=\"attachment-full size-full\" alt=\"\" \/>        <div class=\"content-box\">\n            <h4>CURSO 3<\/h4>\n            <p><\/p>\n<h4 class=\"vc_custom_heading\" style=\"text-align: left;\">Construye tu propuesta de valor. Ofrece lo que m\u00e1s valora y m\u00e1s necesita<\/h4>\n<p><\/p>\n            <a class=\"link-box pagelink\" href=\"https:\/\/jmverav.com\/index.php\/curso-3\/\" target=\"_self\">Saber m\u00e1s<\/a>        <\/div>\n    <\/div>\n    \n    [vc_empty_space height=\u00bb1px\u00bb][\/vc_column_inner][vc_column_inner width=\u00bb1\/4&#8243;]\n        <div class=\"service-box icon-box  image transparent hover-box\">\n                        <img loading=\"lazy\" decoding=\"async\" width=\"55\" height=\"50\" src=\"https:\/\/jmverav.com\/wp-content\/uploads\/2019\/04\/icon-calendar.png\" class=\"attachment-full size-full\" alt=\"\" \/>        <div class=\"content-box\">\n            <h4>CURSO 4<\/h4>\n            <p><\/p>\n<h4 class=\"vc_custom_heading\" style=\"text-align: left;\">Definiendo tu Modelo de Negocio. Entendiendo lo que tienes y lo que necesitas para tener \u00e9xito en tu negocio.<\/h4>\n<p><\/p>\n            <a class=\"link-box pagelink\" href=\"https:\/\/jmverav.com\/index.php\/curso-4\/\" target=\"_self\">Saber m\u00e1s<\/a>        <\/div>\n    <\/div>\n    \n    [vc_empty_space height=\u00bb1px\u00bb][\/vc_column_inner][\/vc_row_inner][\/vc_column][\/vc_row]<\/p>\n<\/section>","protected":false},"excerpt":{"rendered":"<p>[vc_row][vc_column][rev_slider_vc alias=\u00bbslider-1&#8243;][\/vc_column][\/vc_row][vc_row el_class=\u00bbbg-second\u00bb css=\u00bb.vc_custom_1555470524461{padding-top: 28px !important;padding-bottom: 28px !important;}\u00bb][vc_column offset=\u00bbvc_col-md-9&#8243;][vc_column_text el_class=\u00bbtext-light\u00bb css=\u00bb.vc_custom_1679422851329{margin-bottom: 0px !important;padding-top: 5px !important;}\u00bb] \u00bfQuieres cumplir tus planes empresariales? [\/vc_column_text][vc_column_text el_class=\u00bbtext-light\u00bb css=\u00bb.vc_custom_1679422862656{margin-bottom: 0px !important;padding-top: 5px !important;}\u00bb] Ac\u00e9rcate y comencemos [\/vc_column_text][\/vc_column][vc_column offset=\u00bbvc_col-md-3&#8243;][\/vc_column][\/vc_row][vc_row el_class=\u00bbsection-padd\u00bb css=\u00bb.vc_custom_1555472376004{background-color: #ffffff !important;}\u00bb][vc_column][vc_empty_space height=\u00bb30px\u00bb][\/vc_column][vc_column width=\u00bb1\/2&#8243; offset=\u00bbvc_col-md-4&#8243;][vc_empty_space height=\u00bb20px\u00bb el_class=\u00bblg-hidden\u00bb][\/vc_column][vc_column width=\u00bb1\/2&#8243; offset=\u00bbvc_col-md-4&#8243;][vc_empty_space height=\u00bb20px\u00bb el_class=\u00bblg-hidden\u00bb][\/vc_column][vc_column offset=\u00bbvc_col-md-4&#8243;][\/vc_column][\/vc_row][vc_row equal_height=\u00bbyes\u00bb content_placement=\u00bbmiddle\u00bb el_class=\u00bbsection-padd-bot\u00bb css=\u00bb.vc_custom_1555473632131{background-color: #ffffff !important;}\u00bb][vc_column width=\u00bb1\/2&#8243; offset=\u00bbvc_col-lg-5 vc_col-md-6&#8243;][vc_column_text [&hellip;]<\/p>\n","protected":false},"author":1,"featured_media":0,"parent":0,"menu_order":0,"comment_status":"closed","ping_status":"closed","template":"","meta":{"footnotes":""},"class_list":["post-1916","page","type-page","status-publish","hentry"],"_links":{"self":[{"href":"https:\/\/jmverav.com\/index.php\/wp-json\/wp\/v2\/pages\/1916","targetHints":{"allow":["GET"]}}],"collection":[{"href":"https:\/\/jmverav.com\/index.php\/wp-json\/wp\/v2\/pages"}],"about":[{"href":"https:\/\/jmverav.com\/index.php\/wp-json\/wp\/v2\/types\/page"}],"author":[{"embeddable":true,"href":"https:\/\/jmverav.com\/index.php\/wp-json\/wp\/v2\/users\/1"}],"replies":[{"embeddable":true,"href":"https:\/\/jmverav.com\/index.php\/wp-json\/wp\/v2\/comments?post=1916"}],"version-history":[{"count":17,"href":"https:\/\/jmverav.com\/index.php\/wp-json\/wp\/v2\/pages\/1916\/revisions"}],"predecessor-version":[{"id":2253,"href":"https:\/\/jmverav.com\/index.php\/wp-json\/wp\/v2\/pages\/1916\/revisions\/2253"}],"wp:attachment":[{"href":"https:\/\/jmverav.com\/index.php\/wp-json\/wp\/v2\/media?parent=1916"}],"curies":[{"name":"wp","href":"https:\/\/api.w.org\/{rel}","templated":true}]}}