{"id":1152,"date":"2019-03-20T10:01:09","date_gmt":"2019-03-20T10:01:09","guid":{"rendered":"http:\/\/localhost\/consultax\/?page_id=1152"},"modified":"2023-03-21T18:49:53","modified_gmt":"2023-03-21T18:49:53","slug":"how-it-work","status":"publish","type":"page","link":"https:\/\/jmverav.com\/index.php\/how-it-work\/","title":{"rendered":"SOBRE M\u00cd"},"content":{"rendered":"<section class=\"wpb-content-wrapper\"><p>[vc_row][vc_column width=\u00bb5\/6&#8243;][vc_custom_heading text=\u00bbSoy Juan Manuel Vera\u00bb font_container=\u00bbtag:h2|text_align:left|color:%23053d57&#8243; google_fonts=\u00bbfont_family:Archivo%20Black%3Aregular|font_style:400%20regular%3A400%3Anormal\u00bb][vc_column_text]<span style=\"color: #000000;\">Director y fundador de diferentes empresas relacionadas con el \u00e1rea de consultor\u00eda, como\u00a0<strong>Veni-Creator.com<\/strong>, empresa de gesti\u00f3n de conocimiento y comunicaci\u00f3n;\u00a0<strong>Definan.mx<\/strong>\u00a0empresa de consultor\u00eda empresarial, coaching y certificaci\u00f3n de competencias enfocada en medianas empresas.<\/span>[\/vc_column_text][\/vc_column][vc_column width=\u00bb1\/6&#8243;][\/vc_column][\/vc_row][vc_row][vc_column width=\u00bb2\/3&#8243;][vc_column_text]Durante 29 a\u00f1os trabaj\u00e9 en una empresa financiera multinacional en la que ocup\u00e9 diferentes puestos de liderazgo a nivel nacional, regional y local en las \u00e1reas de gesti\u00f3n comercial, gesti\u00f3n de clientes gubernamentales e institucionales, estrategia de segmentos y propuestas de valor y estrategia y gesti\u00f3n de la experiencia del cliente.<\/p>\n<p>Me especializo en temas de estrategias empresariales y liderazgo, estrategia y gesti\u00f3n comercial, as\u00ed como dise\u00f1o de propuestas de valor y experiencia del cliente.<\/p>\n<p>Soy Economista con Maestr\u00eda en Administraci\u00f3n y con estudios de Maestr\u00eda en Econom\u00eda.<\/p>\n<p>Me he desarrollado en el sector financiero, dirigiendo grupos regionales y nacionales y he implementado proyectos de alcance nacional e internacional en mi trabajo diario.[\/vc_column_text][\/vc_column][vc_column width=\u00bb1\/3&#8243;][vc_single_image image=\u00bb2110&#8243; img_size=\u00bbmedium\u00bb][\/vc_column][\/vc_row][vc_row full_width=\u00bbstretch_row\u00bb css=\u00bb.vc_custom_1678822677983{background-image: url(https:\/\/jmverav.com\/wp-content\/uploads\/2023\/03\/pexels-rodnae-productions-7648045-copia-scaled.jpg?id=2118) !important;background-position: center !important;background-repeat: no-repeat !important;background-size: cover !important;}\u00bb][vc_column][vc_empty_space height=\u00bb30px\u00bb][vc_custom_heading text=\u00bbMi porqu\u00e9\u00bb font_container=\u00bbtag:h2|text_align:center|color:%23ffffff\u00bb google_fonts=\u00bbfont_family:Archivo%20Black%3Aregular|font_style:400%20regular%3A400%3Anormal\u00bb][vc_column_text]<\/p>\n<p style=\"text-align: center;\"><span style=\"color: #ffffff;\">\u201cAyudar a Empresarios, Directivos y Emprendedores a definir y ejecutar sus proyectos personales y empresariales de forma que transformen sus vidas y crezcan en prosperidad, felicidad y tiempo para disfrutar la vida con quienes aman\u201d.<\/span><\/p>\n<p>[\/vc_column_text][vc_empty_space height=\u00bb20px\u00bb][vc_column_text]<\/p>\n<p style=\"text-align: center;\"><span style=\"color: #ffffff;\">\u00c9nfasis en Directivos y Empresarios con una trayectoria laboral de m\u00e1s de 10 a\u00f1os que buscan alternativas para generar ingresos adicionales para cambiar actividad o generar ingresos tras su retiro.<\/span><\/p>\n<p>[\/vc_column_text][vc_empty_space height=\u00bb30px\u00bb][\/vc_column][\/vc_row][vc_row][vc_column][vc_empty_space height=\u00bb120px\u00bb][vc_custom_heading text=\u00bb\u00bfC\u00f3mo lo hago?\u00bb font_container=\u00bbtag:h2|text_align:center|color:%23053d57&#8243; google_fonts=\u00bbfont_family:Archivo%20Black%3Aregular|font_style:400%20regular%3A400%3Anormal\u00bb][\/vc_column][\/vc_row][vc_row][vc_column width=\u00bb1\/4&#8243;][vc_single_image image=\u00bb2122&#8243; alignment=\u00bbcenter\u00bb][vc_custom_heading text=\u00bbDetectando oportunidades\u00bb font_container=\u00bbtag:h4|text_align:center|color:%23053d57&#8243; google_fonts=\u00bbfont_family:Archivo%20Black%3Aregular|font_style:400%20regular%3A400%3Anormal\u00bb][vc_column_text]<\/p>\n<p style=\"text-align: center;\"><span style=\"color: #000000;\">A trav\u00e9s de an\u00e1lisis s\u00f3lidos, creatividad y pensamiento innovador detectamos oportunidades alineadas a tus fortalezas, recursos y objetivos.<\/span><\/p>\n<p>[\/vc_column_text][\/vc_column][vc_column width=\u00bb1\/4&#8243;][vc_single_image image=\u00bb2119&#8243; alignment=\u00bbcenter\u00bb][vc_custom_heading text=\u00bbPriorizando alternativas\u00bb font_container=\u00bbtag:h4|text_align:center|color:%23053d57&#8243; google_fonts=\u00bbfont_family:Archivo%20Black%3Aregular|font_style:400%20regular%3A400%3Anormal\u00bb][vc_column_text]<\/p>\n<p style=\"text-align: center;\"><span style=\"color: #000000;\">Diferenciar lo mejor de lo bueno, para seleccionarlo y aumentar tus posibilidades de \u00e9xito<\/span><\/p>\n<p>[\/vc_column_text][\/vc_column][vc_column width=\u00bb1\/4&#8243;][vc_single_image image=\u00bb2120&#8243; alignment=\u00bbcenter\u00bb][vc_custom_heading text=\u00bbTomando decisiones de acci\u00f3n.\u00bb font_container=\u00bbtag:h4|text_align:center|color:%23053d57&#8243; google_fonts=\u00bbfont_family:Archivo%20Black%3Aregular|font_style:400%20regular%3A400%3Anormal\u00bb][vc_column_text]<\/p>\n<p style=\"text-align: center;\"><span style=\"color: #000000;\">Seleccionar, herramientas, equipos de trabajo y l\u00edneas de acci\u00f3n de ejecuci\u00f3n pronta para alcanzar victorias que formen tu \u00e9xito.<\/span><\/p>\n<p>[\/vc_column_text][\/vc_column][vc_column width=\u00bb1\/4&#8243;][vc_single_image image=\u00bb2121&#8243; alignment=\u00bbcenter\u00bb][vc_custom_heading text=\u00bbAli\u00e1ndote con expertos\u00bb font_container=\u00bbtag:h4|text_align:center|color:%23053d57&#8243; google_fonts=\u00bbfont_family:Archivo%20Black%3Aregular|font_style:400%20regular%3A400%3Anormal\u00bb][vc_column_text]<\/p>\n<p style=\"text-align: center;\"><span style=\"color: #000000;\">Nadie logra \u00e9xitos s\u00f3lo, requiere la ayuda de otros. Que mejor que con expertos que conocen de los temas que necesitas.<\/span><\/p>\n<p>[\/vc_column_text][\/vc_column][\/vc_row][vc_row full_width=\u00bbstretch_row\u00bb css=\u00bb.vc_custom_1678822677983{background-image: url(https:\/\/jmverav.com\/wp-content\/uploads\/2023\/03\/pexels-rodnae-productions-7648045-copia-scaled.jpg?id=2118) !important;background-position: center !important;background-repeat: no-repeat !important;background-size: cover !important;}\u00bb][vc_column][vc_empty_space height=\u00bb200px\u00bb][\/vc_column][\/vc_row][vc_row][vc_column][vc_empty_space height=\u00bb80px\u00bb][\/vc_column][\/vc_row][vc_row][vc_column][vc_custom_heading text=\u00bb\u00bfQu\u00e9 hago?\u00bb font_container=\u00bbtag:h2|text_align:center|color:%23053d57&#8243; google_fonts=\u00bbfont_family:Archivo%20Black%3Aregular|font_style:400%20regular%3A400%3Anormal\u00bb][vc_empty_space height=\u00bb30px\u00bb][\/vc_column][\/vc_row][vc_row][vc_column width=\u00bb1\/2&#8243;][vc_custom_heading text=\u00bbACTIVIDADES\u00bb font_container=\u00bbtag:h3|text_align:center|color:%23053d57&#8243; google_fonts=\u00bbfont_family:Archivo%20Black%3Aregular|font_style:400%20regular%3A400%3Anormal\u00bb][\/vc_column][vc_column width=\u00bb1\/2&#8243;][vc_custom_heading text=\u00bbTEMAS\u00bb font_container=\u00bbtag:h3|text_align:center|color:%2330527f\u00bb google_fonts=\u00bbfont_family:Archivo%20Black%3Aregular|font_style:400%20regular%3A400%3Anormal\u00bb][\/vc_column][\/vc_row][vc_row][vc_column width=\u00bb1\/12&#8243;][vc_empty_space height=\u00bb20px\u00bb][vc_single_image image=\u00bb2127&#8243; img_size=\u00bbmedium\u00bb alignment=\u00bbcenter\u00bb][\/vc_column][vc_column width=\u00bb5\/12&#8243;][vc_empty_space height=\u00bb40px\u00bb][vc_custom_heading text=\u00bbConsultor\u00eda empresarial\u00bb font_container=\u00bbtag:h4|text_align:left|color:%23053d57&#8243; google_fonts=\u00bbfont_family:Archivo%20Black%3Aregular|font_style:400%20regular%3A400%3Anormal\u00bb][\/vc_column][vc_column width=\u00bb1\/12&#8243;][vc_empty_space height=\u00bb20px\u00bb][vc_single_image image=\u00bb2137&#8243; img_size=\u00bbmedium\u00bb alignment=\u00bbcenter\u00bb][\/vc_column][vc_column width=\u00bb5\/12&#8243;][vc_empty_space height=\u00bb40px\u00bb][vc_custom_heading text=\u00bbEstrategia empresarial\u00bb font_container=\u00bbtag:h4|text_align:left|color:%2330527f\u00bb google_fonts=\u00bbfont_family:Archivo%20Black%3Aregular|font_style:400%20regular%3A400%3Anormal\u00bb][\/vc_column][\/vc_row][vc_row][vc_column width=\u00bb1\/12&#8243;][vc_empty_space height=\u00bb20px\u00bb][vc_single_image image=\u00bb2129&#8243; img_size=\u00bbmedium\u00bb alignment=\u00bbcenter\u00bb][\/vc_column][vc_column width=\u00bb5\/12&#8243;][vc_empty_space height=\u00bb40px\u00bb][vc_custom_heading text=\u00bbDise\u00f1o, desarrollo y creaci\u00f3n de proyectos creativos\u00bb font_container=\u00bbtag:h4|text_align:left|color:%23053d57&#8243; google_fonts=\u00bbfont_family:Archivo%20Black%3Aregular|font_style:400%20regular%3A400%3Anormal\u00bb][\/vc_column][vc_column width=\u00bb1\/12&#8243;][vc_empty_space height=\u00bb20px\u00bb][vc_single_image image=\u00bb2141&#8243; img_size=\u00bbmedium\u00bb alignment=\u00bbcenter\u00bb][\/vc_column][vc_column width=\u00bb5\/12&#8243;][vc_empty_space height=\u00bb40px\u00bb][vc_custom_heading text=\u00bbLiderazgo\u00bb font_container=\u00bbtag:h4|text_align:left|color:%2330527f\u00bb google_fonts=\u00bbfont_family:Archivo%20Black%3Aregular|font_style:400%20regular%3A400%3Anormal\u00bb][\/vc_column][\/vc_row][vc_row][vc_column width=\u00bb1\/12&#8243;][vc_empty_space height=\u00bb20px\u00bb][vc_single_image image=\u00bb2128&#8243; img_size=\u00bbmedium\u00bb alignment=\u00bbcenter\u00bb][\/vc_column][vc_column width=\u00bb5\/12&#8243;][vc_empty_space height=\u00bb40px\u00bb][vc_custom_heading text=\u00bbAsesorias\u00bb font_container=\u00bbtag:h4|text_align:left|color:%23053d57&#8243; google_fonts=\u00bbfont_family:Archivo%20Black%3Aregular|font_style:400%20regular%3A400%3Anormal\u00bb][\/vc_column][vc_column width=\u00bb1\/12&#8243;][vc_empty_space height=\u00bb20px\u00bb][vc_single_image image=\u00bb2142&#8243; img_size=\u00bbmedium\u00bb alignment=\u00bbcenter\u00bb][\/vc_column][vc_column width=\u00bb5\/12&#8243;][vc_empty_space height=\u00bb40px\u00bb][vc_custom_heading text=\u00bbGesti\u00f3n de comercial\u00bb font_container=\u00bbtag:h4|text_align:left|color:%2330527f\u00bb google_fonts=\u00bbfont_family:Archivo%20Black%3Aregular|font_style:400%20regular%3A400%3Anormal\u00bb][\/vc_column][\/vc_row][vc_row][vc_column width=\u00bb1\/12&#8243;][vc_empty_space height=\u00bb20px\u00bb][vc_single_image image=\u00bb2130&#8243; img_size=\u00bbmedium\u00bb alignment=\u00bbcenter\u00bb][\/vc_column][vc_column width=\u00bb5\/12&#8243;][vc_empty_space height=\u00bb40px\u00bb][vc_custom_heading text=\u00bbCoaching personal\u00bb font_container=\u00bbtag:h4|text_align:left|color:%23053d57&#8243; google_fonts=\u00bbfont_family:Archivo%20Black%3Aregular|font_style:400%20regular%3A400%3Anormal\u00bb][\/vc_column][vc_column width=\u00bb1\/12&#8243;][vc_empty_space height=\u00bb20px\u00bb][vc_single_image image=\u00bb2143&#8243; img_size=\u00bbmedium\u00bb alignment=\u00bbcenter\u00bb][\/vc_column][vc_column width=\u00bb5\/12&#8243;][vc_empty_space height=\u00bb40px\u00bb][vc_custom_heading text=\u00bbExperiencia del cliente\u00bb font_container=\u00bbtag:h4|text_align:left|color:%2330527f\u00bb google_fonts=\u00bbfont_family:Archivo%20Black%3Aregular|font_style:400%20regular%3A400%3Anormal\u00bb][\/vc_column][\/vc_row][vc_row][vc_column width=\u00bb1\/12&#8243;][vc_empty_space height=\u00bb20px\u00bb][vc_single_image image=\u00bb2131&#8243; img_size=\u00bbmedium\u00bb alignment=\u00bbcenter\u00bb][\/vc_column][vc_column width=\u00bb5\/12&#8243;][vc_empty_space height=\u00bb40px\u00bb][vc_custom_heading text=\u00bbCoaching ejecutivo\u00bb font_container=\u00bbtag:h4|text_align:left|color:%23053d57&#8243; google_fonts=\u00bbfont_family:Archivo%20Black%3Aregular|font_style:400%20regular%3A400%3Anormal\u00bb][\/vc_column][vc_column width=\u00bb1\/12&#8243;][vc_empty_space height=\u00bb20px\u00bb][vc_single_image image=\u00bb2144&#8243; img_size=\u00bbmedium\u00bb alignment=\u00bbcenter\u00bb][\/vc_column][vc_column width=\u00bb5\/12&#8243;][vc_empty_space height=\u00bb20px\u00bb][vc_custom_heading text=\u00bbPlaneaci\u00f3n y gesti\u00f3n de proyectos (agile)\u00bb font_container=\u00bbtag:h4|text_align:left|color:%2330527f\u00bb google_fonts=\u00bbfont_family:Archivo%20Black%3Aregular|font_style:400%20regular%3A400%3Anormal\u00bb][vc_empty_space height=\u00bb40px\u00bb][\/vc_column][\/vc_row][vc_row][vc_column width=\u00bb1\/12&#8243;][vc_empty_space height=\u00bb20px\u00bb][vc_single_image image=\u00bb2132&#8243; img_size=\u00bbmedium\u00bb alignment=\u00bbcenter\u00bb][\/vc_column][vc_column width=\u00bb5\/12&#8243;][vc_empty_space height=\u00bb40px\u00bb][vc_custom_heading text=\u00bbMentor\u00edas\u00bb font_container=\u00bbtag:h4|text_align:left|color:%23053d57&#8243; google_fonts=\u00bbfont_family:Archivo%20Black%3Aregular|font_style:400%20regular%3A400%3Anormal\u00bb][\/vc_column][vc_column width=\u00bb1\/12&#8243;][vc_single_image image=\u00bb2145&#8243; img_size=\u00bbmedium\u00bb alignment=\u00bbcenter\u00bb][\/vc_column][vc_column width=\u00bb5\/12&#8243;][vc_empty_space height=\u00bb20px\u00bb][vc_custom_heading text=\u00bbFinanzas empresariales\u00bb font_container=\u00bbtag:h4|text_align:left|color:%2330527f\u00bb google_fonts=\u00bbfont_family:Archivo%20Black%3Aregular|font_style:400%20regular%3A400%3Anormal\u00bb][\/vc_column][\/vc_row][vc_row][vc_column width=\u00bb1\/12&#8243;][vc_empty_space height=\u00bb20px\u00bb][vc_single_image image=\u00bb2135&#8243; img_size=\u00bbmedium\u00bb alignment=\u00bbcenter\u00bb][\/vc_column][vc_column width=\u00bb5\/12&#8243;][vc_empty_space height=\u00bb40px\u00bb][vc_custom_heading text=\u00bbLibros\u00bb font_container=\u00bbtag:h4|text_align:left|color:%23053d57&#8243; google_fonts=\u00bbfont_family:Archivo%20Black%3Aregular|font_style:400%20regular%3A400%3Anormal\u00bb][\/vc_column][vc_column width=\u00bb1\/12&#8243;][vc_empty_space height=\u00bb20px\u00bb][vc_single_image image=\u00bb2146&#8243; img_size=\u00bbmedium\u00bb alignment=\u00bbcenter\u00bb][\/vc_column][vc_column width=\u00bb5\/12&#8243;][vc_empty_space height=\u00bb40px\u00bb][vc_custom_heading text=\u00bbFinanzas personales\u00bb font_container=\u00bbtag:h4|text_align:left|color:%2330527f\u00bb google_fonts=\u00bbfont_family:Archivo%20Black%3Aregular|font_style:400%20regular%3A400%3Anormal\u00bb][\/vc_column][\/vc_row][vc_row][vc_column width=\u00bb1\/12&#8243;][vc_empty_space height=\u00bb20px\u00bb][vc_single_image image=\u00bb2134&#8243; img_size=\u00bbmedium\u00bb alignment=\u00bbcenter\u00bb][\/vc_column][vc_column width=\u00bb5\/12&#8243;][vc_empty_space height=\u00bb40px\u00bb][vc_custom_heading text=\u00bbConferencias\u00bb font_container=\u00bbtag:h4|text_align:left|color:%23053d57&#8243; google_fonts=\u00bbfont_family:Archivo%20Black%3Aregular|font_style:400%20regular%3A400%3Anormal\u00bb][\/vc_column][vc_column width=\u00bb1\/12&#8243;][vc_empty_space height=\u00bb20px\u00bb][vc_single_image image=\u00bb2148&#8243; img_size=\u00bbmedium\u00bb alignment=\u00bbcenter\u00bb][vc_empty_space height=\u00bb20px\u00bb][\/vc_column][vc_column width=\u00bb5\/12&#8243;][vc_empty_space height=\u00bb40px\u00bb][vc_custom_heading text=\u00bbEmprendimiento\u00bb font_container=\u00bbtag:h4|text_align:left|color:%2330527f\u00bb google_fonts=\u00bbfont_family:Archivo%20Black%3Aregular|font_style:400%20regular%3A400%3Anormal\u00bb][\/vc_column][\/vc_row][vc_row][vc_column width=\u00bb1\/12&#8243;][vc_empty_space height=\u00bb20px\u00bb][vc_single_image image=\u00bb2133&#8243; img_size=\u00bbmedium\u00bb alignment=\u00bbcenter\u00bb][\/vc_column][vc_column width=\u00bb5\/12&#8243;][vc_empty_space height=\u00bb40px\u00bb][vc_custom_heading text=\u00bbCursos y talleres\u00bb font_container=\u00bbtag:h4|text_align:left|color:%23053d57&#8243; google_fonts=\u00bbfont_family:Archivo%20Black%3Aregular|font_style:400%20regular%3A400%3Anormal\u00bb][\/vc_column][vc_column width=\u00bb1\/12&#8243;][vc_empty_space height=\u00bb20px\u00bb][vc_single_image image=\u00bb2147&#8243; img_size=\u00bbmedium\u00bb alignment=\u00bbcenter\u00bb][\/vc_column][vc_column width=\u00bb5\/12&#8243;][vc_empty_space height=\u00bb40px\u00bb][vc_custom_heading text=\u00bbDesarrollo de talentos\u00bb font_container=\u00bbtag:h4|text_align:left|color:%2330527f\u00bb google_fonts=\u00bbfont_family:Archivo%20Black%3Aregular|font_style:400%20regular%3A400%3Anormal\u00bb][\/vc_column][\/vc_row]<\/p>\n<\/section>","protected":false},"excerpt":{"rendered":"<p>[vc_row][vc_column width=\u00bb5\/6&#8243;][vc_custom_heading text=\u00bbSoy Juan Manuel Vera\u00bb font_container=\u00bbtag:h2|text_align:left|color:%23053d57&#8243; google_fonts=\u00bbfont_family:Archivo%20Black%3Aregular|font_style:400%20regular%3A400%3Anormal\u00bb][vc_column_text]Director y fundador de diferentes empresas relacionadas con el \u00e1rea de consultor\u00eda, como\u00a0Veni-Creator.com, empresa de gesti\u00f3n de conocimiento y comunicaci\u00f3n;\u00a0Definan.mx\u00a0empresa de consultor\u00eda empresarial, coaching y certificaci\u00f3n de competencias enfocada en medianas empresas.[\/vc_column_text][\/vc_column][vc_column width=\u00bb1\/6&#8243;][\/vc_column][\/vc_row][vc_row][vc_column width=\u00bb2\/3&#8243;][vc_column_text]Durante 29 a\u00f1os trabaj\u00e9 en una empresa financiera multinacional en la que ocup\u00e9 diferentes puestos [&hellip;]<\/p>\n","protected":false},"author":1,"featured_media":0,"parent":0,"menu_order":0,"comment_status":"closed","ping_status":"closed","template":"","meta":{"footnotes":""},"class_list":["post-1152","page","type-page","status-publish","hentry"],"_links":{"self":[{"href":"https:\/\/jmverav.com\/index.php\/wp-json\/wp\/v2\/pages\/1152","targetHints":{"allow":["GET"]}}],"collection":[{"href":"https:\/\/jmverav.com\/index.php\/wp-json\/wp\/v2\/pages"}],"about":[{"href":"https:\/\/jmverav.com\/index.php\/wp-json\/wp\/v2\/types\/page"}],"author":[{"embeddable":true,"href":"https:\/\/jmverav.com\/index.php\/wp-json\/wp\/v2\/users\/1"}],"replies":[{"embeddable":true,"href":"https:\/\/jmverav.com\/index.php\/wp-json\/wp\/v2\/comments?post=1152"}],"version-history":[{"count":14,"href":"https:\/\/jmverav.com\/index.php\/wp-json\/wp\/v2\/pages\/1152\/revisions"}],"predecessor-version":[{"id":2262,"href":"https:\/\/jmverav.com\/index.php\/wp-json\/wp\/v2\/pages\/1152\/revisions\/2262"}],"wp:attachment":[{"href":"https:\/\/jmverav.com\/index.php\/wp-json\/wp\/v2\/media?parent=1152"}],"curies":[{"name":"wp","href":"https:\/\/api.w.org\/{rel}","templated":true}]}}